{"id":166,"date":"2016-08-24T11:41:39","date_gmt":"2016-08-24T11:41:39","guid":{"rendered":"https:\/\/www.aaff.acradigital.com\/provincias\/asociacion-administradores-de-fincas-en-soria\/"},"modified":"2016-08-25T09:56:54","modified_gmt":"2016-08-25T09:56:54","slug":"asociacion-administradores-de-fincas-en-soria","status":"publish","type":"page","link":"https:\/\/aaff.es.systemasweb.es\/provincias\/asociacion-administradores-de-fincas-en-soria\/","title":{"rendered":"Asociaci\u00f3n de Administradores de fincas en Soria"},"content":{"rendered":"<p><img loading=\"lazy\" class=\"aligncenter wp-image-18 size-medium\" src=\"https:\/\/www.aaff.acradigital.com\/provincias\/wp-content\/uploads\/2016\/08\/ASOCIACION_NACIONAL_DE_ADMINISTRADORES_DE_FINCAS-300x300.png\" alt=\"ASOCIACION ADMINISTRADORES DE FINCAS\" width=\"300\" height=\"300\" srcset=\"https:\/\/aaff.es.systemasweb.es\/provincias\/wp-content\/uploads\/2016\/08\/ASOCIACION_NACIONAL_DE_ADMINISTRADORES_DE_FINCAS-300x300.png 300w, https:\/\/aaff.es.systemasweb.es\/provincias\/wp-content\/uploads\/2016\/08\/ASOCIACION_NACIONAL_DE_ADMINISTRADORES_DE_FINCAS-150x150.png 150w, https:\/\/aaff.es.systemasweb.es\/provincias\/wp-content\/uploads\/2016\/08\/ASOCIACION_NACIONAL_DE_ADMINISTRADORES_DE_FINCAS.png 500w\" sizes=\"(max-width: 300px) 100vw, 300px\" \/><\/p>\nLa <em><strong>ASOCIACION NACIONAL DE ADMINISTRADORES DE FINCAS<\/strong><\/em> <strong>AAFF<\/strong> <em><strong>en Soria<\/strong><\/em> ofrece formaci\u00f3n gratuita y ventajas a sus miembros. Entra a nuestra web.<\/p>\n<p>La nueva Ley impuesta no obliga para ejercer la administraci\u00f3n de fincas estar asociado ni en ning\u00fan <strong>COLEGIO DE ADMINISTRADORES DE\u00a0FINCAS<\/strong> ni <em><strong>ASOCIACION ADMINISTRADORES DE FINCAS<\/strong><\/em>, puedes colegiarte seg\u00fan las ventajas que se adecuen m\u00e1s para ti.<\/p>\n<p>Esta Asociaci\u00f3n se constituye para representar a todos los profesionales que ejercen en la Administraci\u00f3n de fincas.<\/p>\n<p>Todos los miembros que tenemos en Soria, representan una parte de todos los\u00a0miembros que tenemos en la <em><strong>Asociaci\u00f3n de Administradores de Fincas<\/strong><\/em> repartidos por toda la pen\u00ednsula.<\/p>\n<p>La Asociaci\u00f3n imparte de forma continuada cursos de reciclaje y actualizaci\u00f3n siendo obligatorio para todos los\u00a0miembros.<\/p>\n<p>Los objetivos de la <em><strong>Asociaci\u00f3n Nacional de Administradores de Fincas<\/strong><\/em> son la ordenaci\u00f3n y promoci\u00f3n, representaci\u00f3n y defensa de nuestros\u00a0miembros.<\/p>\n<p>As\u00ed <em><strong>AAFF<\/strong><\/em> es una Asociaci\u00f3n Profesional y accesible que promueve el acceso a esta profesi\u00f3n, que val\u00edda de varios cursos de formaci\u00f3n de Administraci\u00f3n de Fincas, impartidos por entidades de formaci\u00f3n p\u00fablica o privada.<\/p>\n<p>Los\u00a0socios de <em><strong>AAFF Soria<\/strong><\/em>,\u00a0adem\u00e1s de certificar su formaci\u00f3n con el T\u00edtulo o Diploma expedido por la aprobaci\u00f3n de los estudios correspondientes, certifican la formaci\u00f3n y pertenecia a nuestra asociaci\u00f3n con la expedici\u00f3n del TITULO de ADMINISTRADOR DE FINCAS \u00a0validado por la Asociaci\u00f3n, as\u00ed, como el correspondiente carnet profesional.<\/p>\n<p>Ofrecemos una serie de ventajas a todos nuestros\u00a0asociados que podr\u00e1 conocer accediendo en nuestra web: <a href=\"https:\/\/aaff.es\/\">www.aaff.es<\/a><\/p>\n<p>\n<p>&nbsp;<\/p>\n<p>Para m\u00e1s informaci\u00f3n, contacte con nosotros:<\/p>\n<h2 style=\"text-align: center;\"><a href=\"https:\/\/aaff.es\/contacte-con-nosotros\/\">QUIERO CONTACTAR<\/a><\/h2>\n","protected":false},"excerpt":{"rendered":"<p>&nbsp; Para m\u00e1s informaci\u00f3n, contacte con nosotros: QUIERO CONTACTAR<\/p>\n","protected":false},"author":1,"featured_media":0,"parent":0,"menu_order":0,"comment_status":"closed","ping_status":"closed","template":"","meta":[],"yoast_head":"<!-- This site is optimized with the Yoast SEO plugin v17.5 - https:\/\/yoast.com\/wordpress\/plugins\/seo\/ -->\n<title>Asociaci\u00f3n de Administradores de fincas en Soria | AAFF.es<\/title>\n<meta name=\"description\" content=\"Asociaci\u00f3n de Administradores de fincas en Soria. Entra y con\u00f3ce todas las ventajas que te ofrecemos por pertenecer a la Asociaci\u00f3n. Formaci\u00f3n Gratuita.\" \/>\n<meta name=\"robots\" content=\"index, follow, max-snippet:-1, max-image-preview:large, max-video-preview:-1\" \/>\n<link rel=\"canonical\" href=\"https:\/\/aaff.es.systemasweb.es\/provincias\/asociacion-administradores-de-fincas-en-soria\/\" \/>\n<meta property=\"og:locale\" content=\"es_ES\" \/>\n<meta property=\"og:type\" content=\"article\" \/>\n<meta property=\"og:title\" content=\"Asociaci\u00f3n de Administradores de fincas en Soria | AAFF.es\" \/>\n<meta property=\"og:description\" content=\"Asociaci\u00f3n de Administradores de fincas en Soria. Entra y con\u00f3ce todas las ventajas que te ofrecemos por pertenecer a la Asociaci\u00f3n. Formaci\u00f3n Gratuita.\" \/>\n<meta property=\"og:url\" content=\"https:\/\/aaff.es.systemasweb.es\/provincias\/asociacion-administradores-de-fincas-en-soria\/\" \/>\n<meta property=\"og:site_name\" content=\"Asociacion de Administradores de Fincas AAFF Espa\u00f1a\" \/>\n<meta property=\"article:modified_time\" content=\"2016-08-25T09:56:54+00:00\" \/>\n<meta property=\"og:image\" content=\"https:\/\/www.aaff.acradigital.com\/provincias\/wp-content\/uploads\/2016\/08\/ASOCIACION_NACIONAL_DE_ADMINISTRADORES_DE_FINCAS-300x300.png\" \/>\n<meta name=\"twitter:card\" content=\"summary\" \/>\n<meta name=\"twitter:label1\" content=\"Tiempo de lectura\" \/>\n\t<meta name=\"twitter:data1\" content=\"2 minutos\" \/>\n<script type=\"application\/ld+json\" class=\"yoast-schema-graph\">{\"@context\":\"https:\/\/schema.org\",\"@graph\":[{\"@type\":\"WebSite\",\"@id\":\"https:\/\/aaff.es.systemasweb.es\/provincias\/#website\",\"url\":\"https:\/\/aaff.es.systemasweb.es\/provincias\/\",\"name\":\"Asociacion de Administradores de Fincas AAFF Espa\\u00f1a\",\"description\":\"Asociaci\\u00f3n Nacional de Administradores de Fincas\",\"potentialAction\":[{\"@type\":\"SearchAction\",\"target\":{\"@type\":\"EntryPoint\",\"urlTemplate\":\"https:\/\/aaff.es.systemasweb.es\/provincias\/?s={search_term_string}\"},\"query-input\":\"required name=search_term_string\"}],\"inLanguage\":\"es\"},{\"@type\":\"ImageObject\",\"@id\":\"https:\/\/aaff.es.systemasweb.es\/provincias\/asociacion-administradores-de-fincas-en-soria\/#primaryimage\",\"inLanguage\":\"es\",\"url\":\"https:\/\/www.aaff.acradigital.com\/provincias\/wp-content\/uploads\/2016\/08\/ASOCIACION_NACIONAL_DE_ADMINISTRADORES_DE_FINCAS-300x300.png\",\"contentUrl\":\"https:\/\/www.aaff.acradigital.com\/provincias\/wp-content\/uploads\/2016\/08\/ASOCIACION_NACIONAL_DE_ADMINISTRADORES_DE_FINCAS-300x300.png\"},{\"@type\":\"WebPage\",\"@id\":\"https:\/\/aaff.es.systemasweb.es\/provincias\/asociacion-administradores-de-fincas-en-soria\/#webpage\",\"url\":\"https:\/\/aaff.es.systemasweb.es\/provincias\/asociacion-administradores-de-fincas-en-soria\/\",\"name\":\"Asociaci\\u00f3n de Administradores de fincas en Soria | AAFF.es\",\"isPartOf\":{\"@id\":\"https:\/\/aaff.es.systemasweb.es\/provincias\/#website\"},\"primaryImageOfPage\":{\"@id\":\"https:\/\/aaff.es.systemasweb.es\/provincias\/asociacion-administradores-de-fincas-en-soria\/#primaryimage\"},\"datePublished\":\"2016-08-24T11:41:39+00:00\",\"dateModified\":\"2016-08-25T09:56:54+00:00\",\"description\":\"Asociaci\\u00f3n de Administradores de fincas en Soria. Entra y con\\u00f3ce todas las ventajas que te ofrecemos por pertenecer a la Asociaci\\u00f3n. Formaci\\u00f3n Gratuita.\",\"breadcrumb\":{\"@id\":\"https:\/\/aaff.es.systemasweb.es\/provincias\/asociacion-administradores-de-fincas-en-soria\/#breadcrumb\"},\"inLanguage\":\"es\",\"potentialAction\":[{\"@type\":\"ReadAction\",\"target\":[\"https:\/\/aaff.es.systemasweb.es\/provincias\/asociacion-administradores-de-fincas-en-soria\/\"]}]},{\"@type\":\"BreadcrumbList\",\"@id\":\"https:\/\/aaff.es.systemasweb.es\/provincias\/asociacion-administradores-de-fincas-en-soria\/#breadcrumb\",\"itemListElement\":[{\"@type\":\"ListItem\",\"position\":1,\"name\":\"Portada\",\"item\":\"https:\/\/aaff.es.systemasweb.es\/provincias\/\"},{\"@type\":\"ListItem\",\"position\":2,\"name\":\"Asociaci\\u00f3n de Administradores de fincas en Soria\"}]}]}<\/script>\n<!-- \/ Yoast SEO plugin. -->","yoast_head_json":{"title":"Asociaci\u00f3n de Administradores de fincas en Soria | AAFF.es","description":"Asociaci\u00f3n de Administradores de fincas en Soria. Entra y con\u00f3ce todas las ventajas que te ofrecemos por pertenecer a la Asociaci\u00f3n. Formaci\u00f3n Gratuita.","robots":{"index":"index","follow":"follow","max-snippet":"max-snippet:-1","max-image-preview":"max-image-preview:large","max-video-preview":"max-video-preview:-1"},"canonical":"https:\/\/aaff.es.systemasweb.es\/provincias\/asociacion-administradores-de-fincas-en-soria\/","og_locale":"es_ES","og_type":"article","og_title":"Asociaci\u00f3n de Administradores de fincas en Soria | AAFF.es","og_description":"Asociaci\u00f3n de Administradores de fincas en Soria. Entra y con\u00f3ce todas las ventajas que te ofrecemos por pertenecer a la Asociaci\u00f3n. Formaci\u00f3n Gratuita.","og_url":"https:\/\/aaff.es.systemasweb.es\/provincias\/asociacion-administradores-de-fincas-en-soria\/","og_site_name":"Asociacion de Administradores de Fincas AAFF Espa\u00f1a","article_modified_time":"2016-08-25T09:56:54+00:00","og_image":[{"url":"https:\/\/www.aaff.acradigital.com\/provincias\/wp-content\/uploads\/2016\/08\/ASOCIACION_NACIONAL_DE_ADMINISTRADORES_DE_FINCAS-300x300.png"}],"twitter_card":"summary","twitter_misc":{"Tiempo de lectura":"2 minutos"},"schema":{"@context":"https:\/\/schema.org","@graph":[{"@type":"WebSite","@id":"https:\/\/aaff.es.systemasweb.es\/provincias\/#website","url":"https:\/\/aaff.es.systemasweb.es\/provincias\/","name":"Asociacion de Administradores de Fincas AAFF Espa\u00f1a","description":"Asociaci\u00f3n Nacional de Administradores de Fincas","potentialAction":[{"@type":"SearchAction","target":{"@type":"EntryPoint","urlTemplate":"https:\/\/aaff.es.systemasweb.es\/provincias\/?s={search_term_string}"},"query-input":"required name=search_term_string"}],"inLanguage":"es"},{"@type":"ImageObject","@id":"https:\/\/aaff.es.systemasweb.es\/provincias\/asociacion-administradores-de-fincas-en-soria\/#primaryimage","inLanguage":"es","url":"https:\/\/www.aaff.acradigital.com\/provincias\/wp-content\/uploads\/2016\/08\/ASOCIACION_NACIONAL_DE_ADMINISTRADORES_DE_FINCAS-300x300.png","contentUrl":"https:\/\/www.aaff.acradigital.com\/provincias\/wp-content\/uploads\/2016\/08\/ASOCIACION_NACIONAL_DE_ADMINISTRADORES_DE_FINCAS-300x300.png"},{"@type":"WebPage","@id":"https:\/\/aaff.es.systemasweb.es\/provincias\/asociacion-administradores-de-fincas-en-soria\/#webpage","url":"https:\/\/aaff.es.systemasweb.es\/provincias\/asociacion-administradores-de-fincas-en-soria\/","name":"Asociaci\u00f3n de Administradores de fincas en Soria | AAFF.es","isPartOf":{"@id":"https:\/\/aaff.es.systemasweb.es\/provincias\/#website"},"primaryImageOfPage":{"@id":"https:\/\/aaff.es.systemasweb.es\/provincias\/asociacion-administradores-de-fincas-en-soria\/#primaryimage"},"datePublished":"2016-08-24T11:41:39+00:00","dateModified":"2016-08-25T09:56:54+00:00","description":"Asociaci\u00f3n de Administradores de fincas en Soria. Entra y con\u00f3ce todas las ventajas que te ofrecemos por pertenecer a la Asociaci\u00f3n. Formaci\u00f3n Gratuita.","breadcrumb":{"@id":"https:\/\/aaff.es.systemasweb.es\/provincias\/asociacion-administradores-de-fincas-en-soria\/#breadcrumb"},"inLanguage":"es","potentialAction":[{"@type":"ReadAction","target":["https:\/\/aaff.es.systemasweb.es\/provincias\/asociacion-administradores-de-fincas-en-soria\/"]}]},{"@type":"BreadcrumbList","@id":"https:\/\/aaff.es.systemasweb.es\/provincias\/asociacion-administradores-de-fincas-en-soria\/#breadcrumb","itemListElement":[{"@type":"ListItem","position":1,"name":"Portada","item":"https:\/\/aaff.es.systemasweb.es\/provincias\/"},{"@type":"ListItem","position":2,"name":"Asociaci\u00f3n de Administradores de fincas en Soria"}]}]}},"_links":{"self":[{"href":"https:\/\/aaff.es.systemasweb.es\/provincias\/wp-json\/wp\/v2\/pages\/166"}],"collection":[{"href":"https:\/\/aaff.es.systemasweb.es\/provincias\/wp-json\/wp\/v2\/pages"}],"about":[{"href":"https:\/\/aaff.es.systemasweb.es\/provincias\/wp-json\/wp\/v2\/types\/page"}],"author":[{"embeddable":true,"href":"https:\/\/aaff.es.systemasweb.es\/provincias\/wp-json\/wp\/v2\/users\/1"}],"replies":[{"embeddable":true,"href":"https:\/\/aaff.es.systemasweb.es\/provincias\/wp-json\/wp\/v2\/comments?post=166"}],"version-history":[{"count":2,"href":"https:\/\/aaff.es.systemasweb.es\/provincias\/wp-json\/wp\/v2\/pages\/166\/revisions"}],"predecessor-version":[{"id":323,"href":"https:\/\/aaff.es.systemasweb.es\/provincias\/wp-json\/wp\/v2\/pages\/166\/revisions\/323"}],"wp:attachment":[{"href":"https:\/\/aaff.es.systemasweb.es\/provincias\/wp-json\/wp\/v2\/media?parent=166"}],"curies":[{"name":"wp","href":"https:\/\/api.w.org\/{rel}","templated":true}]}}